{"id":1111,"date":"2023-06-15T14:35:59","date_gmt":"2023-06-15T14:35:59","guid":{"rendered":"https:\/\/exclur.com\/index.php\/product\/swiffer-floor-cleaning-wipes-4-packs-of-12-48-wipes\/"},"modified":"2023-09-15T15:48:51","modified_gmt":"2023-09-15T15:48:51","slug":"swiffer-floor-cleaning-wipes-4-packs-of-12-48-wipes","status":"publish","type":"product","link":"https:\/\/exclur.com\/index.php\/product\/swiffer-floor-cleaning-wipes-4-packs-of-12-48-wipes\/","title":{"rendered":"Swiffer &#8211; Floor Cleaning Wipes &#8211; 4 Packs of 12 (48 Wipes)"},"content":{"rendered":"<p>Swiffer Wet Wischt\u00fccher Nachf\u00fcllpackung, 4er Pack (4 x 12 St\u00fcck)<\/p>\n","protected":false},"excerpt":{"rendered":"<p>Swiffer Wet Wischt\u00fccher Nachf\u00fcllpackung, 4er Pack (4 x 12 St\u00fcck)<\/p>\n","protected":false},"featured_media":1112,"comment_status":"closed","ping_status":"closed","template":"","meta":[],"product_cat":[],"product_tag":[],"_links":{"self":[{"href":"https:\/\/exclur.com\/index.php\/wp-json\/wp\/v2\/product\/1111"}],"collection":[{"href":"https:\/\/exclur.com\/index.php\/wp-json\/wp\/v2\/product"}],"about":[{"href":"https:\/\/exclur.com\/index.php\/wp-json\/wp\/v2\/types\/product"}],"replies":[{"embeddable":true,"href":"https:\/\/exclur.com\/index.php\/wp-json\/wp\/v2\/comments?post=1111"}],"wp:featuredmedia":[{"embeddable":true,"href":"https:\/\/exclur.com\/index.php\/wp-json\/wp\/v2\/media\/1112"}],"wp:attachment":[{"href":"https:\/\/exclur.com\/index.php\/wp-json\/wp\/v2\/media?parent=1111"}],"wp:term":[{"taxonomy":"product_cat","embeddable":true,"href":"https:\/\/exclur.com\/index.php\/wp-json\/wp\/v2\/product_cat?post=1111"},{"taxonomy":"product_tag","embeddable":true,"href":"https:\/\/exclur.com\/index.php\/wp-json\/wp\/v2\/product_tag?post=1111"}],"curies":[{"name":"wp","href":"https:\/\/api.w.org\/{rel}","templated":true}]}}