{"id":1193,"date":"2023-07-06T10:36:24","date_gmt":"2023-07-06T10:36:24","guid":{"rendered":"https:\/\/exclur.com\/index.php\/product\/abena-protection-urinaire-light-normal-2-12-unites\/"},"modified":"2023-09-15T15:50:01","modified_gmt":"2023-09-15T15:50:01","slug":"abena-protection-urinaire-light-normal-2-12-unites","status":"publish","type":"product","link":"https:\/\/exclur.com\/index.php\/product\/abena-protection-urinaire-light-normal-2-12-unites\/","title":{"rendered":"Abena Protection Urinaire Light Normal 2 12 unit\u00e9s"},"content":{"rendered":"<p>Les prot\u00e8ge-slips Abena pour fuites urinaires l\u00e9g\u00e8res, sont id\u00e9ales pour une protection en toute discr\u00e9tion, en effet elles sont fines, discr\u00e8tes et s&#8217;adaptent \u00e0 votre anatomie. Gr\u00e2ce aux Abena Protection Urinaire Light Normal 2 12 unit\u00e9s , vous b\u00e9n\u00e9ficiez d&#8217;un syst\u00e8me top-dry pour une absorption rapide. Elles disposent \u00e9galement d&#8217;une barri\u00e8re anti-odeur, tout en respectant la zone intime en \u00e9vitant les irritations, gr\u00e2ce \u00e0 un voile protecteur. Les Protection Urinaire Light normal de Abena sont respectueuses de l&#8217;environnement (Ecolabel Nordic), elles sont sans phtalates et sont fabriqu\u00e9es \u00e0 partir du cellulose provenant de for\u00eats responsables<\/p>\n","protected":false},"excerpt":{"rendered":"<p>Les prot\u00e8ge-slips Abena pour fuites urinaires l\u00e9g\u00e8res, sont id\u00e9ales pour une protection en toute discr\u00e9tion, en effet elles sont fines, discr\u00e8tes et s&#8217;adaptent \u00e0 votre anatomie. Gr\u00e2ce aux Abena Protection Urinaire Light Normal 2 12 unit\u00e9s , vous b\u00e9n\u00e9ficiez d&#8217;un syst\u00e8me top-dry pour une absorption rapide. Elles disposent \u00e9galement d&#8217;une barri\u00e8re anti-odeur, tout en respectant [&hellip;]<\/p>\n","protected":false},"featured_media":1194,"comment_status":"closed","ping_status":"closed","template":"","meta":[],"product_cat":[],"product_tag":[],"_links":{"self":[{"href":"https:\/\/exclur.com\/index.php\/wp-json\/wp\/v2\/product\/1193"}],"collection":[{"href":"https:\/\/exclur.com\/index.php\/wp-json\/wp\/v2\/product"}],"about":[{"href":"https:\/\/exclur.com\/index.php\/wp-json\/wp\/v2\/types\/product"}],"replies":[{"embeddable":true,"href":"https:\/\/exclur.com\/index.php\/wp-json\/wp\/v2\/comments?post=1193"}],"wp:featuredmedia":[{"embeddable":true,"href":"https:\/\/exclur.com\/index.php\/wp-json\/wp\/v2\/media\/1194"}],"wp:attachment":[{"href":"https:\/\/exclur.com\/index.php\/wp-json\/wp\/v2\/media?parent=1193"}],"wp:term":[{"taxonomy":"product_cat","embeddable":true,"href":"https:\/\/exclur.com\/index.php\/wp-json\/wp\/v2\/product_cat?post=1193"},{"taxonomy":"product_tag","embeddable":true,"href":"https:\/\/exclur.com\/index.php\/wp-json\/wp\/v2\/product_tag?post=1193"}],"curies":[{"name":"wp","href":"https:\/\/api.w.org\/{rel}","templated":true}]}}