{"id":713,"date":"2023-07-05T23:45:00","date_gmt":"2023-07-05T23:45:00","guid":{"rendered":"https:\/\/exclur.com\/index.php\/product\/salviette-monouso-morbide-e-soffici-per-pelli-sensibili-135-pezzi-tena-softwipe\/"},"modified":"2023-09-15T15:43:07","modified_gmt":"2023-09-15T15:43:07","slug":"salviette-monouso-morbide-e-soffici-per-pelli-sensibili-135-pezzi-tena-softwipe","status":"publish","type":"product","link":"https:\/\/exclur.com\/index.php\/product\/salviette-monouso-morbide-e-soffici-per-pelli-sensibili-135-pezzi-tena-softwipe\/","title":{"rendered":"Salviette monouso morbide e soffici per pelli sensibili &#8211; 135 pezzi -TENA Softwipe"},"content":{"rendered":"<p>Les carr\u00e9s de toilette Tena Soft Wipe assurent le soin des peaux sensibles. Gr\u00e2ce \u00e0 leur voile absorbant compos\u00e9 d&#8217;une feuille douce de cellulose Absbond, ils sont agr\u00e9ables au contact de la peau, ils r\u00e9sistent au frottement, ne peluchent pas et ne se d\u00e9litent pas. Particuli\u00e8rement id\u00e9ales pour le soin des peaux \u00e2g\u00e9es, elles sont douces et permettent la toilette de l&#8217;ensemble du corps. Elles peuvent \u00eatre utilis\u00e9es avec la cr\u00e8me lavante Tena Wash Cream . Le plus ? La bo\u00eete distributrice, qui permet une hygi\u00e8ne parfaite des lingettes.<\/p>\n","protected":false},"excerpt":{"rendered":"<p>Les carr\u00e9s de toilette Tena Soft Wipe assurent le soin des peaux sensibles. Gr\u00e2ce \u00e0 leur voile absorbant compos\u00e9 d&#8217;une feuille douce de cellulose Absbond, ils sont agr\u00e9ables au contact de la peau, ils r\u00e9sistent au frottement, ne peluchent pas et ne se d\u00e9litent pas. Particuli\u00e8rement id\u00e9ales pour le soin des peaux \u00e2g\u00e9es, elles sont [&hellip;]<\/p>\n","protected":false},"featured_media":714,"comment_status":"closed","ping_status":"closed","template":"","meta":[],"product_cat":[],"product_tag":[],"_links":{"self":[{"href":"https:\/\/exclur.com\/index.php\/wp-json\/wp\/v2\/product\/713"}],"collection":[{"href":"https:\/\/exclur.com\/index.php\/wp-json\/wp\/v2\/product"}],"about":[{"href":"https:\/\/exclur.com\/index.php\/wp-json\/wp\/v2\/types\/product"}],"replies":[{"embeddable":true,"href":"https:\/\/exclur.com\/index.php\/wp-json\/wp\/v2\/comments?post=713"}],"wp:featuredmedia":[{"embeddable":true,"href":"https:\/\/exclur.com\/index.php\/wp-json\/wp\/v2\/media\/714"}],"wp:attachment":[{"href":"https:\/\/exclur.com\/index.php\/wp-json\/wp\/v2\/media?parent=713"}],"wp:term":[{"taxonomy":"product_cat","embeddable":true,"href":"https:\/\/exclur.com\/index.php\/wp-json\/wp\/v2\/product_cat?post=713"},{"taxonomy":"product_tag","embeddable":true,"href":"https:\/\/exclur.com\/index.php\/wp-json\/wp\/v2\/product_tag?post=713"}],"curies":[{"name":"wp","href":"https:\/\/api.w.org\/{rel}","templated":true}]}}